{"id":83,"date":"2023-11-10T09:33:17","date_gmt":"2023-11-10T08:33:17","guid":{"rendered":"https:\/\/geodi.unint.eu\/?page_id=83"},"modified":"2024-04-02T12:05:10","modified_gmt":"2024-04-02T10:05:10","slug":"chi-siamo-2","status":"publish","type":"page","link":"https:\/\/geodi.unint.eu\/?page_id=83","title":{"rendered":"chi siamo"},"content":{"rendered":"\t\t<div data-elementor-type=\"wp-page\" data-elementor-id=\"83\" class=\"elementor elementor-83\" data-elementor-post-type=\"page\">\n\t\t\t\t\t\t\t<div class=\"elementor-element elementor-element-92a4266 e-flex e-con-boxed e-con e-parent\" data-id=\"92a4266\" data-element_type=\"container\" data-settings=\"{&quot;content_width&quot;:&quot;boxed&quot;}\" data-core-v316-plus=\"true\">\n\t\t\t\t\t<div class=\"e-con-inner\">\n\t\t\t\t<div class=\"elementor-element elementor-element-b52607d elementor-widget elementor-widget-spacer\" data-id=\"b52607d\" data-element_type=\"widget\" data-widget_type=\"spacer.default\">\n\t\t\t\t<div class=\"elementor-widget-container\">\n\t\t\t<style>\/*! elementor - v3.18.0 - 20-12-2023 *\/\n.elementor-column .elementor-spacer-inner{height:var(--spacer-size)}.e-con{--container-widget-width:100%}.e-con-inner>.elementor-widget-spacer,.e-con>.elementor-widget-spacer{width:var(--container-widget-width,var(--spacer-size));--align-self:var(--container-widget-align-self,initial);--flex-shrink:0}.e-con-inner>.elementor-widget-spacer>.elementor-widget-container,.e-con>.elementor-widget-spacer>.elementor-widget-container{height:100%;width:100%}.e-con-inner>.elementor-widget-spacer>.elementor-widget-container>.elementor-spacer,.e-con>.elementor-widget-spacer>.elementor-widget-container>.elementor-spacer{height:100%}.e-con-inner>.elementor-widget-spacer>.elementor-widget-container>.elementor-spacer>.elementor-spacer-inner,.e-con>.elementor-widget-spacer>.elementor-widget-container>.elementor-spacer>.elementor-spacer-inner{height:var(--container-widget-height,var(--spacer-size))}.e-con-inner>.elementor-widget-spacer.elementor-widget-empty,.e-con>.elementor-widget-spacer.elementor-widget-empty{position:relative;min-height:22px;min-width:22px}.e-con-inner>.elementor-widget-spacer.elementor-widget-empty .elementor-widget-empty-icon,.e-con>.elementor-widget-spacer.elementor-widget-empty .elementor-widget-empty-icon{position:absolute;top:0;bottom:0;left:0;right:0;margin:auto;padding:0;width:22px;height:22px}<\/style>\t\t<div class=\"elementor-spacer\">\n\t\t\t<div class=\"elementor-spacer-inner\"><\/div>\n\t\t<\/div>\n\t\t\t\t<\/div>\n\t\t\t\t<\/div>\n\t\t\t\t\t<\/div>\n\t\t\t\t<\/div>\n\t\t<div class=\"elementor-element elementor-element-bef9e2b e-con-full e-flex e-con e-parent\" data-id=\"bef9e2b\" data-element_type=\"container\" data-settings=\"{&quot;content_width&quot;:&quot;full&quot;,&quot;background_background&quot;:&quot;classic&quot;}\" data-core-v316-plus=\"true\">\n\t\t\t\t<div class=\"elementor-element elementor-element-7e9265b elementor-widget__width-initial elementor-widget elementor-widget-heading\" data-id=\"7e9265b\" data-element_type=\"widget\" data-widget_type=\"heading.default\">\n\t\t\t\t<div class=\"elementor-widget-container\">\n\t\t\t<style>\/*! elementor - v3.18.0 - 20-12-2023 *\/\n.elementor-heading-title{padding:0;margin:0;line-height:1}.elementor-widget-heading .elementor-heading-title[class*=elementor-size-]>a{color:inherit;font-size:inherit;line-height:inherit}.elementor-widget-heading .elementor-heading-title.elementor-size-small{font-size:15px}.elementor-widget-heading .elementor-heading-title.elementor-size-medium{font-size:19px}.elementor-widget-heading .elementor-heading-title.elementor-size-large{font-size:29px}.elementor-widget-heading .elementor-heading-title.elementor-size-xl{font-size:39px}.elementor-widget-heading .elementor-heading-title.elementor-size-xxl{font-size:59px}<\/style><h2 class=\"elementor-heading-title elementor-size-default\">La storia di GEODI<\/h2>\t\t<\/div>\n\t\t\t\t<\/div>\n\t\t\t\t<div class=\"elementor-element elementor-element-1282431 elementor-widget__width-initial elementor-widget elementor-widget-text-editor\" data-id=\"1282431\" data-element_type=\"widget\" data-widget_type=\"text-editor.default\">\n\t\t\t\t<div class=\"elementor-widget-container\">\n\t\t\t<style>\/*! elementor - v3.18.0 - 20-12-2023 *\/\n.elementor-widget-text-editor.elementor-drop-cap-view-stacked .elementor-drop-cap{background-color:#69727d;color:#fff}.elementor-widget-text-editor.elementor-drop-cap-view-framed .elementor-drop-cap{color:#69727d;border:3px solid;background-color:transparent}.elementor-widget-text-editor:not(.elementor-drop-cap-view-default) .elementor-drop-cap{margin-top:8px}.elementor-widget-text-editor:not(.elementor-drop-cap-view-default) .elementor-drop-cap-letter{width:1em;height:1em}.elementor-widget-text-editor .elementor-drop-cap{float:left;text-align:center;line-height:1;font-size:50px}.elementor-widget-text-editor .elementor-drop-cap-letter{display:inline-block}<\/style>\t\t\t\t<p>Il Centro di Ricerca di GEOpolitica, Diritto e data Intelligence GEODI, collocato nella&nbsp;<span style=\"color: var( --e-global-color-text );\">UNINT, nasce come gruppo di lavoro dedicato all\u2019utilizzo combinato degli strumenti&nbsp;<\/span><span style=\"color: var( --e-global-color-text );\">della comparazione giuridica e dell\u2019analisi geopolitica per la conoscenza e la gestione&nbsp;<\/span><span style=\"color: var( --e-global-color-text );\">delle grandi crisi internazionali del nostro tempo. Il Centro di Ricerca si propone di&nbsp;<\/span><span style=\"color: var( --e-global-color-text );\">diventare un punto di riferimento nel campo della sicurezza nazionale e internazionale,&nbsp;<\/span><span style=\"color: var( --e-global-color-text );\">della geopolitica, della formazione politica e della sicurezza informatica, attraverso&nbsp;<\/span><span style=\"color: var( --e-global-color-text );\">servizi di consulenza e formazione per conto di soggetti pubblici e privati, a livello&nbsp;<\/span><span style=\"color: var( --e-global-color-text );\">europeo e internazionale, ad aziende e altri centri di ricerca, fornendo analisi&nbsp;<\/span><span style=\"color: var( --e-global-color-text );\">approfondite, soluzioni innovative e supporto strategico per affrontare le&nbsp;<\/span><span style=\"color: var( --e-global-color-text );\">contemporanee sfide della sicurezza, facendo leva sulla propria credibilit\u00e0 scientifica e&nbsp;<\/span><span style=\"color: var( --e-global-color-text );\">sulla qualificata expertise del proprio team.<\/span><\/p>\t\t\t\t\t\t<\/div>\n\t\t\t\t<\/div>\n\t\t\t\t<div class=\"elementor-element elementor-element-57d8cad elementor-widget__width-initial elementor-widget elementor-widget-text-editor\" data-id=\"57d8cad\" data-element_type=\"widget\" data-widget_type=\"text-editor.default\">\n\t\t\t\t<div class=\"elementor-widget-container\">\n\t\t\t\t\t\t\t<p>Il Centro GEODI erogher\u00e0 attivit\u00e0 formative (quali, a titolo esemplificativo e non esaustivo,&nbsp;<span style=\"color: var( --e-global-color-text );\">convegni, webinar, seminari), in presenza o a distanza, rivolte ad accademici, studenti, esperti&nbsp;<\/span><span style=\"color: var( --e-global-color-text );\">e alla Comunit\u00e0. Altres\u00ec sar\u00e0 di supporto alla formazione degli studenti dell\u2019Ateneo, anche grazie&nbsp;<\/span><span style=\"color: var( --e-global-color-text );\">alla produzione e diffusione di materiale di divulgazione degli esiti della ricerca. Il Centro, in&nbsp;<\/span><span style=\"color: var( --e-global-color-text );\">questo, si avvarr\u00e0 anche di una scuola di formazione politica che si rivolge a professionisti e&nbsp;<\/span><span style=\"color: var( --e-global-color-text );\">studenti interessati ad approfondire le conoscenze nel campo della politica, della sicurezza e della&nbsp;<\/span><span style=\"color: var( --e-global-color-text );\">geopolitica. La scuola fornir\u00e0 corsi pratici e interattivi tenuti da esperti qualificati, con l\u2019obiettivo&nbsp;<\/span><span style=\"color: var( --e-global-color-text );\">di sviluppare le competenze necessarie per affrontare le sfide di sicurezza attuali e future.<\/span><\/p>\n<p>Inoltre, verranno proposti seminari, workshop e mini corsi di aggiornamento sulla cybersecurity,&nbsp;<span style=\"color: var( --e-global-color-text );\">che copriranno argomenti di grande rilevanza come la gestione delle minacce informatiche, la&nbsp;<\/span><span style=\"color: var( --e-global-color-text );\">protezione dei dati, la sicurezza delle reti e l\u2019analisi forense digitale. Questi eventi saranno rivolti&nbsp;<\/span><span style=\"color: var( --e-global-color-text );\">alle aziende e vedranno la partecipazione di esperti del settore, che condivideranno le loro&nbsp;<\/span><span style=\"color: var( --e-global-color-text );\">conoscenze ed esperienze. Per partecipare a tali eventi sar\u00e0 richiesta una quota di partecipazione.&nbsp;<\/span><\/p>\n<p>Inoltre, il Centro, in collaborazione con l\u2019Ateneo, offrir\u00e0, secondo accordi con quest\u2019ultimo,&nbsp;<span style=\"color: var( --e-global-color-text );\">due corsi che verranno inseriti nell\u2019offerta formativa, con una durata totale fino a 90 ore.&nbsp;<\/span><\/p>\n<p><span style=\"color: var( --e-global-color-text );\">Al fine di potenziare ulteriormente il rapporto ricerca-didattica, il Centro pubblicher\u00e0&nbsp;<\/span><span style=\"color: var( --e-global-color-text );\">la sua Rivista Alexis e gestir\u00e0 anche un sito web di informazione che fornir\u00e0 aggiornamenti&nbsp;<\/span><span style=\"color: var( --e-global-color-text );\">sulle ultime tendenze e sviluppi nel settore della sicurezza, della geopolitica e delle relazioni&nbsp;<\/span><span style=\"color: var( --e-global-color-text );\">internazionali, al fine di supportare l\u2019approfondimento delle dinamiche e dei mutamenti&nbsp;<\/span><span style=\"color: var( --e-global-color-text );\">odierni nell\u2019area del Mediterraneo, con particolare attenzione agli aspetti giuridici e&nbsp;<\/span><span style=\"color: var( --e-global-color-text );\">geopolitici legati alla sicurezza internazionale.<\/span><\/p>\n<p>Sul piano professionale, il Centro si configura come punto di incontro altamente qualificato&nbsp;<span style=\"color: var( --e-global-color-text );\">tra la ricerca e l\u2019industria, attraverso consulenze per aziende, professionisti ed istituzioni. Ci&nbsp;<\/span><span style=\"color: var( --e-global-color-text );\">si avvarr\u00e0 a tal fine di seminari di approfondimento, tavole rotonde e consulenze mirate. Il&nbsp;<\/span><span style=\"color: var( --e-global-color-text );\">Centro, inoltre, offrir\u00e0 servizi di audit e valutazione nell&#8217;ambito della cybersecurity e della&nbsp;<\/span><span style=\"color: var( --e-global-color-text );\">sicurezza in generale per identificare e mitigare le vulnerabilit\u00e0 delle organizzazioni.<\/span><\/p>\t\t\t\t\t\t<\/div>\n\t\t\t\t<\/div>\n\t\t\t\t<\/div>\n\t\t<div class=\"elementor-element elementor-element-5821993 e-flex e-con-boxed e-con e-parent\" data-id=\"5821993\" data-element_type=\"container\" data-settings=\"{&quot;content_width&quot;:&quot;boxed&quot;}\" data-core-v316-plus=\"true\">\n\t\t\t\t\t<div class=\"e-con-inner\">\n\t\t\t\t<div class=\"elementor-element elementor-element-865dab5 elementor-widget elementor-widget-spacer\" data-id=\"865dab5\" data-element_type=\"widget\" data-widget_type=\"spacer.default\">\n\t\t\t\t<div class=\"elementor-widget-container\">\n\t\t\t\t\t<div class=\"elementor-spacer\">\n\t\t\t<div class=\"elementor-spacer-inner\"><\/div>\n\t\t<\/div>\n\t\t\t\t<\/div>\n\t\t\t\t<\/div>\n\t\t\t\t\t<\/div>\n\t\t\t\t<\/div>\n\t\t<div class=\"elementor-element elementor-element-a20b7e1 e-con-full e-flex e-con e-parent\" data-id=\"a20b7e1\" data-element_type=\"container\" data-settings=\"{&quot;content_width&quot;:&quot;full&quot;,&quot;background_background&quot;:&quot;classic&quot;}\" data-core-v316-plus=\"true\">\n\t\t<div class=\"elementor-element elementor-element-3e1b415 e-con-full e-flex e-con e-child\" data-id=\"3e1b415\" data-element_type=\"container\" data-settings=\"{&quot;content_width&quot;:&quot;full&quot;}\">\n\t\t\t\t<div class=\"elementor-element elementor-element-e203b17 elementor-widget__width-initial elementor-widget elementor-widget-image\" data-id=\"e203b17\" data-element_type=\"widget\" data-settings=\"{&quot;_animation&quot;:&quot;none&quot;}\" data-widget_type=\"image.default\">\n\t\t\t\t<div class=\"elementor-widget-container\">\n\t\t\t<style>\/*! elementor - v3.18.0 - 20-12-2023 *\/\n.elementor-widget-image{text-align:center}.elementor-widget-image a{display:inline-block}.elementor-widget-image a img[src$=\".svg\"]{width:48px}.elementor-widget-image img{vertical-align:middle;display:inline-block}<\/style>\t\t\t\t\t\t\t\t\t\t\t\t<img fetchpriority=\"high\" decoding=\"async\" width=\"692\" height=\"951\" src=\"https:\/\/geodi.unint.eu\/wp-content\/uploads\/2023\/12\/SFO-1.png\" class=\"attachment-large size-large wp-image-1500\" alt=\"\" srcset=\"https:\/\/geodi.unint.eu\/wp-content\/uploads\/2023\/12\/SFO-1.png 692w, https:\/\/geodi.unint.eu\/wp-content\/uploads\/2023\/12\/SFO-1-218x300.png 218w\" sizes=\"(max-width: 692px) 100vw, 692px\" \/>\t\t\t\t\t\t\t\t\t\t\t\t\t\t\t<\/div>\n\t\t\t\t<\/div>\n\t\t\t\t<\/div>\n\t\t<div class=\"elementor-element elementor-element-0c8f1d2 e-con-full e-flex e-con e-child\" data-id=\"0c8f1d2\" data-element_type=\"container\" data-settings=\"{&quot;content_width&quot;:&quot;full&quot;}\">\n\t\t\t\t<div class=\"elementor-element elementor-element-47f7bf4 elementor-widget elementor-widget-html\" data-id=\"47f7bf4\" data-element_type=\"widget\" data-widget_type=\"html.default\">\n\t\t\t\t<div class=\"elementor-widget-container\">\n\t\t\t<div style=\"text-align: center;\">\n    <div>Documenti<\/div>\n    <div class=\"btn\">\n        <a style=\"color:white;\" href=\"https:\/\/geodi.unint.eu\/wp-content\/uploads\/2023\/11\/Regolamento_GEODI.pdf\">Statuto Geodi<\/a><\/div>\n    <div class=\"btn\"><a href=\"https:\/\/geodi.unint.eu\/wp-content\/uploads\/2023\/11\/PROGRAMMA-DI-RICERCA-geodi-3.pdf\" style=\"color:white;\">Programma di ricerca 2023\/2024<\/a><\/div>\n<\/div>\n<style>\n    .btn {width:100%; background:#0076CC;\n        color: white;\n        margin: 9px 0;\n        padding: 10px 0;\n        font-size: 1.3rem;\n        cursor: pointer;\n        transition: .5s;\n    }\n    .btn:hover{background:#005fa3;\n    a {width: 100%; color: white!important;}\n<\/style>\t\t<\/div>\n\t\t\t\t<\/div>\n\t\t\t\t<\/div>\n\t\t<div class=\"elementor-element elementor-element-9841295 e-con-full e-flex e-con e-child\" data-id=\"9841295\" data-element_type=\"container\" data-settings=\"{&quot;content_width&quot;:&quot;full&quot;}\">\n\t\t\t\t<div class=\"elementor-element elementor-element-0c926b3 elementor-widget__width-initial elementor-widget elementor-widget-image\" data-id=\"0c926b3\" data-element_type=\"widget\" data-settings=\"{&quot;_animation&quot;:&quot;none&quot;}\" data-widget_type=\"image.default\">\n\t\t\t\t<div class=\"elementor-widget-container\">\n\t\t\t\t\t\t\t\t\t\t\t\t\t\t\t<img decoding=\"async\" width=\"650\" height=\"937\" src=\"https:\/\/geodi.unint.eu\/wp-content\/uploads\/2023\/12\/SFO-2.png\" class=\"attachment-large size-large wp-image-1499\" alt=\"\" srcset=\"https:\/\/geodi.unint.eu\/wp-content\/uploads\/2023\/12\/SFO-2.png 650w, https:\/\/geodi.unint.eu\/wp-content\/uploads\/2023\/12\/SFO-2-208x300.png 208w\" sizes=\"(max-width: 650px) 100vw, 650px\" \/>\t\t\t\t\t\t\t\t\t\t\t\t\t\t\t<\/div>\n\t\t\t\t<\/div>\n\t\t\t\t<\/div>\n\t\t\t\t<\/div>\n\t\t<div class=\"elementor-element elementor-element-46e2324 e-flex e-con-boxed e-con e-parent\" data-id=\"46e2324\" data-element_type=\"container\" data-settings=\"{&quot;content_width&quot;:&quot;boxed&quot;}\" data-core-v316-plus=\"true\">\n\t\t\t\t\t<div class=\"e-con-inner\">\n\t\t\t\t<div class=\"elementor-element elementor-element-573a1fa elementor-widget elementor-widget-spacer\" data-id=\"573a1fa\" data-element_type=\"widget\" data-widget_type=\"spacer.default\">\n\t\t\t\t<div class=\"elementor-widget-container\">\n\t\t\t\t\t<div class=\"elementor-spacer\">\n\t\t\t<div class=\"elementor-spacer-inner\"><\/div>\n\t\t<\/div>\n\t\t\t\t<\/div>\n\t\t\t\t<\/div>\n\t\t\t\t\t<\/div>\n\t\t\t\t<\/div>\n\t\t<div class=\"elementor-element elementor-element-71e88cf2 e-con-full e-flex e-con e-parent\" data-id=\"71e88cf2\" data-element_type=\"container\" data-settings=\"{&quot;content_width&quot;:&quot;full&quot;,&quot;background_background&quot;:&quot;classic&quot;}\" data-core-v316-plus=\"true\">\n\t\t<div class=\"elementor-element elementor-element-62a3b8c9 e-con-full e-flex e-con e-child\" data-id=\"62a3b8c9\" data-element_type=\"container\" data-settings=\"{&quot;content_width&quot;:&quot;full&quot;}\">\n\t\t\t\t<div class=\"elementor-element elementor-element-20fdaee0 elementor-widget elementor-widget-image\" data-id=\"20fdaee0\" data-element_type=\"widget\" data-widget_type=\"image.default\">\n\t\t\t\t<div class=\"elementor-widget-container\">\n\t\t\t\t\t\t\t\t\t\t\t\t\t\t\t<img decoding=\"async\" width=\"800\" height=\"228\" src=\"https:\/\/geodi.unint.eu\/wp-content\/uploads\/2023\/11\/cropped-Logo-GEODI_blue-1024x292.png\" class=\"attachment-large size-large wp-image-239\" alt=\"\" srcset=\"https:\/\/geodi.unint.eu\/wp-content\/uploads\/2023\/11\/cropped-Logo-GEODI_blue-1024x292.png 1024w, https:\/\/geodi.unint.eu\/wp-content\/uploads\/2023\/11\/cropped-Logo-GEODI_blue-300x86.png 300w, https:\/\/geodi.unint.eu\/wp-content\/uploads\/2023\/11\/cropped-Logo-GEODI_blue-768x219.png 768w, https:\/\/geodi.unint.eu\/wp-content\/uploads\/2023\/11\/cropped-Logo-GEODI_blue-1536x438.png 1536w, https:\/\/geodi.unint.eu\/wp-content\/uploads\/2023\/11\/cropped-Logo-GEODI_blue.png 1752w\" sizes=\"(max-width: 800px) 100vw, 800px\" \/>\t\t\t\t\t\t\t\t\t\t\t\t\t\t\t<\/div>\n\t\t\t\t<\/div>\n\t\t\t\t<\/div>\n\t\t<div class=\"elementor-element elementor-element-2fe44d33 e-con-full e-flex e-con e-child\" data-id=\"2fe44d33\" data-element_type=\"container\" data-settings=\"{&quot;content_width&quot;:&quot;full&quot;}\">\n\t\t\t\t<div class=\"elementor-element elementor-element-44240380 elementor-widget elementor-widget-image\" data-id=\"44240380\" data-element_type=\"widget\" data-widget_type=\"image.default\">\n\t\t\t\t<div class=\"elementor-widget-container\">\n\t\t\t\t\t\t\t\t\t\t\t\t\t\t\t<img loading=\"lazy\" decoding=\"async\" width=\"800\" height=\"402\" src=\"https:\/\/geodi.unint.eu\/wp-content\/uploads\/2023\/11\/Logo-UNINT-1024x515.png\" class=\"attachment-large size-large wp-image-237\" alt=\"\" srcset=\"https:\/\/geodi.unint.eu\/wp-content\/uploads\/2023\/11\/Logo-UNINT-1024x515.png 1024w, https:\/\/geodi.unint.eu\/wp-content\/uploads\/2023\/11\/Logo-UNINT-300x151.png 300w, https:\/\/geodi.unint.eu\/wp-content\/uploads\/2023\/11\/Logo-UNINT-768x386.png 768w, https:\/\/geodi.unint.eu\/wp-content\/uploads\/2023\/11\/Logo-UNINT-1536x772.png 1536w, https:\/\/geodi.unint.eu\/wp-content\/uploads\/2023\/11\/Logo-UNINT-2048x1029.png 2048w\" sizes=\"(max-width: 800px) 100vw, 800px\" \/>\t\t\t\t\t\t\t\t\t\t\t\t\t\t\t<\/div>\n\t\t\t\t<\/div>\n\t\t\t\t<\/div>\n\t\t<div class=\"elementor-element elementor-element-193b5a07 e-con-full e-flex e-con e-child\" data-id=\"193b5a07\" data-element_type=\"container\" data-settings=\"{&quot;content_width&quot;:&quot;full&quot;}\">\n\t\t\t\t<div class=\"elementor-element elementor-element-7fb100ed elementor-widget elementor-widget-image\" data-id=\"7fb100ed\" data-element_type=\"widget\" data-widget_type=\"image.default\">\n\t\t\t\t<div class=\"elementor-widget-container\">\n\t\t\t\t\t\t\t\t\t\t\t\t\t\t\t<img loading=\"lazy\" decoding=\"async\" width=\"800\" height=\"92\" src=\"https:\/\/geodi.unint.eu\/wp-content\/uploads\/2023\/11\/LINTERNAZIONALE_Logo_ok-1024x118.png\" class=\"attachment-large size-large wp-image-238\" alt=\"\" srcset=\"https:\/\/geodi.unint.eu\/wp-content\/uploads\/2023\/11\/LINTERNAZIONALE_Logo_ok-1024x118.png 1024w, https:\/\/geodi.unint.eu\/wp-content\/uploads\/2023\/11\/LINTERNAZIONALE_Logo_ok-300x35.png 300w, https:\/\/geodi.unint.eu\/wp-content\/uploads\/2023\/11\/LINTERNAZIONALE_Logo_ok-768x88.png 768w, https:\/\/geodi.unint.eu\/wp-content\/uploads\/2023\/11\/LINTERNAZIONALE_Logo_ok-1536x177.png 1536w, https:\/\/geodi.unint.eu\/wp-content\/uploads\/2023\/11\/LINTERNAZIONALE_Logo_ok-2048x236.png 2048w\" sizes=\"(max-width: 800px) 100vw, 800px\" \/>\t\t\t\t\t\t\t\t\t\t\t\t\t\t\t<\/div>\n\t\t\t\t<\/div>\n\t\t\t\t<\/div>\n\t\t<div class=\"elementor-element elementor-element-21dc2102 e-con-full e-flex e-con e-child\" data-id=\"21dc2102\" data-element_type=\"container\" data-settings=\"{&quot;content_width&quot;:&quot;full&quot;}\">\n\t\t\t\t<div class=\"elementor-element elementor-element-363f0a86 elementor-widget elementor-widget-heading\" data-id=\"363f0a86\" data-element_type=\"widget\" data-widget_type=\"heading.default\">\n\t\t\t\t<div class=\"elementor-widget-container\">\n\t\t\t<h2 class=\"elementor-heading-title elementor-size-default\">Coordinamento a cura di Ciro Sbail\u00f2<br><br>Universit\u00e0 degli Studi Internazionali di Roma - UNINT\n<\/h2>\t\t<\/div>\n\t\t\t\t<\/div>\n\t\t\t\t<div class=\"elementor-element elementor-element-70e99b9d elementor-widget elementor-widget-heading\" data-id=\"70e99b9d\" data-element_type=\"widget\" data-widget_type=\"heading.default\">\n\t\t\t\t<div class=\"elementor-widget-container\">\n\t\t\t<h2 class=\"elementor-heading-title elementor-size-default\">Via Cristoforo Colombo, 200 - 00147 Roma | C.F. 97136680580 | P.I. 05639791002 | Codice SDI: M5UXCR1 |  Mail: geodi@unint.eu\n\n<\/h2>\t\t<\/div>\n\t\t\t\t<\/div>\n\t\t\t\t<\/div>\n\t\t\t\t<\/div>\n\t\t<div class=\"elementor-element elementor-element-a86e4b2 e-flex e-con-boxed e-con e-parent\" data-id=\"a86e4b2\" data-element_type=\"container\" data-settings=\"{&quot;content_width&quot;:&quot;boxed&quot;}\" data-core-v316-plus=\"true\">\n\t\t\t\t\t<div class=\"e-con-inner\">\n\t\t\t\t<div class=\"elementor-element elementor-element-0cbb33c elementor-widget elementor-widget-spacer\" data-id=\"0cbb33c\" data-element_type=\"widget\" data-widget_type=\"spacer.default\">\n\t\t\t\t<div class=\"elementor-widget-container\">\n\t\t\t\t\t<div class=\"elementor-spacer\">\n\t\t\t<div class=\"elementor-spacer-inner\"><\/div>\n\t\t<\/div>\n\t\t\t\t<\/div>\n\t\t\t\t<\/div>\n\t\t\t\t\t<\/div>\n\t\t\t\t<\/div>\n\t\t\t\t\t\t\t<\/div>\n\t\t","protected":false},"excerpt":{"rendered":"<p>La storia di GEODI Il Centro di Ricerca di GEOpolitica, Diritto e data Intelligence GEODI, collocato nella&nbsp;UNINT, nasce come gruppo di lavoro dedicato all\u2019utilizzo combinato degli strumenti&nbsp;della comparazione giuridica e dell\u2019analisi geopolitica per la conoscenza e la gestione&nbsp;delle grandi crisi internazionali del nostro tempo. Il Centro di Ricerca si propone di&nbsp;diventare un punto di riferimento [&hellip;]<\/p>\n","protected":false},"author":1,"featured_media":0,"parent":0,"menu_order":0,"comment_status":"closed","ping_status":"closed","template":"","meta":{"footnotes":""},"class_list":["post-83","page","type-page","status-publish","hentry"],"_links":{"self":[{"href":"https:\/\/geodi.unint.eu\/index.php?rest_route=\/wp\/v2\/pages\/83","targetHints":{"allow":["GET"]}}],"collection":[{"href":"https:\/\/geodi.unint.eu\/index.php?rest_route=\/wp\/v2\/pages"}],"about":[{"href":"https:\/\/geodi.unint.eu\/index.php?rest_route=\/wp\/v2\/types\/page"}],"author":[{"embeddable":true,"href":"https:\/\/geodi.unint.eu\/index.php?rest_route=\/wp\/v2\/users\/1"}],"replies":[{"embeddable":true,"href":"https:\/\/geodi.unint.eu\/index.php?rest_route=%2Fwp%2Fv2%2Fcomments&post=83"}],"version-history":[{"count":112,"href":"https:\/\/geodi.unint.eu\/index.php?rest_route=\/wp\/v2\/pages\/83\/revisions"}],"predecessor-version":[{"id":3619,"href":"https:\/\/geodi.unint.eu\/index.php?rest_route=\/wp\/v2\/pages\/83\/revisions\/3619"}],"wp:attachment":[{"href":"https:\/\/geodi.unint.eu\/index.php?rest_route=%2Fwp%2Fv2%2Fmedia&parent=83"}],"curies":[{"name":"wp","href":"https:\/\/api.w.org\/{rel}","templated":true}]}}